{"id":8867,"date":"2016-05-03T07:04:15","date_gmt":"2016-05-03T07:04:15","guid":{"rendered":"http:\/\/www.pagosdelrey.com\/fr\/?page_id=8867"},"modified":"2025-02-04T07:43:23","modified_gmt":"2025-02-04T07:43:23","slug":"contact","status":"publish","type":"page","link":"https:\/\/www.pagosdelrey.com\/fr\/contact\/","title":{"rendered":"Contact"},"content":{"rendered":"\t\t<div data-elementor-type=\"wp-page\" data-elementor-id=\"8867\" class=\"elementor elementor-8867 elementor-21\">\n\t\t\t\t\t\t\t\t\t<section class=\"elementor-section elementor-top-section elementor-element elementor-element-e75ec97 elementor-section-boxed elementor-section-height-default elementor-section-height-default\" data-id=\"e75ec97\" data-element_type=\"section\">\n\t\t\t\t\t\t<div class=\"elementor-container elementor-column-gap-default\">\n\t\t\t\t\t<div class=\"elementor-column elementor-col-50 elementor-top-column elementor-element elementor-element-fef5ab8\" data-id=\"fef5ab8\" data-element_type=\"column\">\n\t\t\t<div class=\"elementor-widget-wrap elementor-element-populated\">\n\t\t\t\t\t\t\t\t<div class=\"elementor-element elementor-element-2261655 elementor-widget elementor-widget-text-editor\" data-id=\"2261655\" data-element_type=\"widget\" data-widget_type=\"text-editor.default\">\n\t\t\t\t<div class=\"elementor-widget-container\">\n\t\t\t\t\t\t\t<div class=\"contact-info\" style=\"box-sizing: border-box; width: 448px; float: left; position: relative; color: #7a7a7a; font-family: Roboto, sans-serif; font-size: 16px; font-style: normal; font-variant-ligatures: normal; font-variant-caps: normal; font-weight: 400; letter-spacing: normal; orphans: 2; text-align: left; text-indent: 0px; text-transform: none; widows: 2; word-spacing: 0px; -webkit-text-stroke-width: 0px; white-space: normal; background-color: #ffffff; text-decoration-thickness: initial; text-decoration-style: initial; text-decoration-color: initial;\">\u00a0<\/div><div class=\"contact-input\" style=\"box-sizing: border-box; outline: none !important; text-decoration-line: none !important; text-decoration-thickness: initial; text-decoration-style: initial; text-decoration-color: initial; width: 560px; position: relative; float: left; margin-right: 3rem; color: #7a7a7a; font-family: Roboto, sans-serif; font-size: 16px; font-style: normal; font-variant-ligatures: normal; font-variant-caps: normal; font-weight: 400; letter-spacing: normal; orphans: 2; text-align: left; text-indent: 0px; text-transform: none; widows: 2; word-spacing: 0px; -webkit-text-stroke-width: 0px; white-space: normal; background-color: #ffffff;\">\n<div class=\"wpcf7 no-js\" id=\"wpcf7-f9741-o1\" lang=\"fr-FR\" dir=\"ltr\">\n<div class=\"screen-reader-response\"><p role=\"status\" aria-live=\"polite\" aria-atomic=\"true\"><\/p> <ul><\/ul><\/div>\n<form action=\"\/fr\/wp-json\/wp\/v2\/pages\/8867#wpcf7-f9741-o1\" method=\"post\" class=\"wpcf7-form init mailchimp-ext-0.5.69\" aria-label=\"Formulaire de contact\" novalidate=\"novalidate\" data-status=\"init\">\n<div style=\"display: none;\">\n<input type=\"hidden\" name=\"_wpcf7\" value=\"9741\" \/>\n<input type=\"hidden\" name=\"_wpcf7_version\" value=\"5.8.3\" \/>\n<input type=\"hidden\" name=\"_wpcf7_locale\" value=\"fr_FR\" \/>\n<input type=\"hidden\" name=\"_wpcf7_unit_tag\" value=\"wpcf7-f9741-o1\" \/>\n<input type=\"hidden\" name=\"_wpcf7_container_post\" value=\"0\" \/>\n<input type=\"hidden\" name=\"_wpcf7_posted_data_hash\" value=\"\" \/>\n<\/div>\n<p><label><span class=\"wpcf7-form-control-wrap\" data-name=\"your-name\"><input size=\"40\" class=\"wpcf7-form-control wpcf7-text wpcf7-validates-as-required\" aria-required=\"true\" aria-invalid=\"false\" placeholder=\"Pr\u00e9nom\" value=\"\" type=\"text\" name=\"your-name\" \/><\/span><\/label><br \/>\n<label><span class=\"wpcf7-form-control-wrap\" data-name=\"surname\"><input size=\"40\" class=\"wpcf7-form-control wpcf7-text wpcf7-validates-as-required\" aria-required=\"true\" aria-invalid=\"false\" placeholder=\"Nom\" value=\"\" type=\"text\" name=\"surname\" \/><\/span><\/label><br \/>\n<label><span class=\"wpcf7-form-control-wrap\" data-name=\"email\"><input size=\"40\" class=\"wpcf7-form-control wpcf7-email wpcf7-validates-as-required wpcf7-text wpcf7-validates-as-email\" aria-required=\"true\" aria-invalid=\"false\" placeholder=\"Email\" value=\"\" type=\"email\" name=\"email\" \/><\/span><\/label><br \/>\n<label><span class=\"wpcf7-form-control-wrap\" data-name=\"phone\"><input size=\"40\" class=\"wpcf7-form-control wpcf7-tel wpcf7-text wpcf7-validates-as-tel\" aria-invalid=\"false\" placeholder=\"T\u00e9l\u00e9phone\" value=\"\" type=\"tel\" name=\"phone\" \/><\/span><\/label><br \/>\n<label><span class=\"wpcf7-form-control-wrap\" data-name=\"country\"><input size=\"40\" class=\"wpcf7-form-control wpcf7-text\" aria-invalid=\"false\" placeholder=\"Pays\" value=\"\" type=\"text\" name=\"country\" \/><\/span><\/label><br \/>\n<label><span class=\"wpcf7-form-control-wrap\" data-name=\"subject\"><input size=\"40\" class=\"wpcf7-form-control wpcf7-text\" aria-invalid=\"false\" placeholder=\"Sujet du courriel\" value=\"\" type=\"text\" name=\"subject\" \/><\/span><\/label>\n<\/p>\n<p>MESSAGE\n<\/p>\n<p><label class=\"text-area\"><span class=\"wpcf7-form-control-wrap\" data-name=\"message\"><textarea cols=\"40\" rows=\"10\" class=\"wpcf7-form-control wpcf7-textarea wpcf7-validates-as-required msg-send\" aria-required=\"true\" aria-invalid=\"false\" placeholder=\"Message\" name=\"message\"><\/textarea><\/span><\/label><br \/>\n<label class=\"check-privacy\"><span class=\"wpcf7-form-control-wrap\" data-name=\"your-consent\"><span class=\"wpcf7-form-control wpcf7-acceptance\"><span class=\"wpcf7-list-item\"><label><input type=\"checkbox\" name=\"your-consent\" value=\"1\" aria-invalid=\"false\" \/><span class=\"wpcf7-list-item-label\">J&#8217;ai lu les <a href=\"https:\/\/felixsolisavantis.test\/fr\/politique-de-confidentialite\/\">Politiques de confidentialit\u00e9<\/a><\/span><\/label><\/span><\/span><\/span><\/label><br \/>\n<label class=\"submit-btn\"><input class=\"wpcf7-form-control wpcf7-submit has-spinner\" type=\"submit\" value=\"Envoyer le message\" \/><\/label>\n<\/p><div class=\"wpcf7-response-output\" aria-hidden=\"true\"><\/div><p style=\"display: none !important\"><span class=\"wpcf7-form-control-wrap referer-page\"><input type=\"hidden\" name=\"referer-page\" value=\"http:\/\/Direct%20Visit\" data-value=\"http:\/\/Direct%20Visit\" class=\"wpcf7-form-control wpcf7-text referer-page\" aria-invalid=\"false\"><\/span><\/p>\n<!-- Chimpmatic extension by Renzo Johnson -->\n<\/form>\n<\/div>\n<\/div>\t\t\t\t\t\t<\/div>\n\t\t\t\t<\/div>\n\t\t\t\t\t<\/div>\n\t\t<\/div>\n\t\t\t\t<div class=\"elementor-column elementor-col-50 elementor-top-column elementor-element elementor-element-e21e669\" data-id=\"e21e669\" data-element_type=\"column\">\n\t\t\t<div class=\"elementor-widget-wrap elementor-element-populated\">\n\t\t\t\t\t\t\t\t<div class=\"elementor-element elementor-element-c1d4c05 elementor-widget elementor-widget-text-editor\" data-id=\"c1d4c05\" data-element_type=\"widget\" data-widget_type=\"text-editor.default\">\n\t\t\t\t<div class=\"elementor-widget-container\">\n\t\t\t\t\t\t\t<h3 class=\"contact-company\"><strong>Localisation et contact<\/strong><\/h3><p><strong>Pagos del Rey<\/strong><\/p><p class=\"contact-road\">Autov\u00eda del Sur km 199,<\/p><p class=\"contact-road\">13300 Valdepe\u00f1as (Ciudad Real)<\/p><p class=\"contact-mail\"><a href=\"mailto:fsa@felixsolisavantis.com\">Email<\/a><\/p><p class=\"contact-phone\"><span style=\"font-weight: bolder;\">T\u00e9l\u00e9phone<\/span>: +34 926 322 400<\/p>\t\t\t\t\t\t<\/div>\n\t\t\t\t<\/div>\n\t\t\t\t<div class=\"elementor-element elementor-element-4de7f5e elementor-widget elementor-widget-html\" data-id=\"4de7f5e\" data-element_type=\"widget\" data-widget_type=\"html.default\">\n\t\t\t\t<div class=\"elementor-widget-container\">\n\t\t\t<div>\r\n                <div id=\"map-contacto\"><\/div>\r\n            <\/div> \t\t<\/div>\n\t\t\t\t<\/div>\n\t\t\t\t\t<\/div>\n\t\t<\/div>\n\t\t\t\t\t\t\t<\/div>\n\t\t<\/section>\n\t\t\t\t\t\t\t<\/div>\n\t\t","protected":false},"excerpt":{"rendered":"<p>\u00a0 Localisation et contact Pagos del Rey Autov\u00eda del Sur km 199, 13300 Valdepe\u00f1as (Ciudad Real) Email T\u00e9l\u00e9phone: +34 926 322 400<\/p>\n","protected":false},"author":4,"featured_media":46263,"parent":0,"menu_order":0,"comment_status":"open","ping_status":"open","template":"page-contact.php","meta":{"footnotes":""},"acf":[],"yoast_head":"<!-- This site is optimized with the Yoast SEO plugin v21.5 - https:\/\/yoast.com\/wordpress\/plugins\/seo\/ -->\n<title>Contact | Pagos del Rey<\/title>\n<meta name=\"robots\" content=\"index, follow, max-snippet:-1, max-image-preview:large, max-video-preview:-1\" \/>\n<link rel=\"canonical\" href=\"https:\/\/www.pagosdelrey.com\/fr\/contact\/\" \/>\n<meta property=\"og:locale\" content=\"fr_FR\" \/>\n<meta property=\"og:type\" content=\"article\" \/>\n<meta property=\"og:title\" content=\"Contact | Pagos del Rey\" \/>\n<meta property=\"og:description\" content=\"\u00a0 Localisation et contact Pagos del Rey Autov\u00eda del Sur km 199, 13300 Valdepe\u00f1as (Ciudad Real) Email T\u00e9l\u00e9phone: +34 926 322 400\" \/>\n<meta property=\"og:url\" content=\"https:\/\/www.pagosdelrey.com\/fr\/contact\/\" \/>\n<meta property=\"og:site_name\" content=\"Pagos del Rey\" \/>\n<meta property=\"article:modified_time\" content=\"2025-02-04T07:43:23+00:00\" \/>\n<meta property=\"og:image\" content=\"https:\/\/www.pagosdelrey.com\/app\/uploads\/2019\/10\/296_LA-PUEBLA.jpg\" \/>\n\t<meta property=\"og:image:width\" content=\"2000\" \/>\n\t<meta property=\"og:image:height\" content=\"1333\" \/>\n\t<meta property=\"og:image:type\" content=\"image\/jpeg\" \/>\n<meta name=\"twitter:card\" content=\"summary_large_image\" \/>\n<meta name=\"twitter:label1\" content=\"Dur\u00e9e de lecture estim\u00e9e\" \/>\n\t<meta name=\"twitter:data1\" content=\"1 minute\" \/>\n<script type=\"application\/ld+json\" class=\"yoast-schema-graph\">{\"@context\":\"https:\/\/schema.org\",\"@graph\":[{\"@type\":\"WebPage\",\"@id\":\"https:\/\/www.pagosdelrey.com\/fr\/contact\/\",\"url\":\"https:\/\/www.pagosdelrey.com\/fr\/contact\/\",\"name\":\"Contact | Pagos del Rey\",\"isPartOf\":{\"@id\":\"https:\/\/www.pagosdelrey.com\/#website\"},\"datePublished\":\"2016-05-03T07:04:15+00:00\",\"dateModified\":\"2025-02-04T07:43:23+00:00\",\"breadcrumb\":{\"@id\":\"https:\/\/www.pagosdelrey.com\/fr\/contact\/#breadcrumb\"},\"inLanguage\":\"fr-FR\",\"potentialAction\":[{\"@type\":\"ReadAction\",\"target\":[\"https:\/\/www.pagosdelrey.com\/fr\/contact\/\"]}]},{\"@type\":\"BreadcrumbList\",\"@id\":\"https:\/\/www.pagosdelrey.com\/fr\/contact\/#breadcrumb\",\"itemListElement\":[{\"@type\":\"ListItem\",\"position\":1,\"name\":\"Portada\",\"item\":\"https:\/\/www.pagosdelrey.com\/fr\/\"},{\"@type\":\"ListItem\",\"position\":2,\"name\":\"Contact\"}]},{\"@type\":\"WebSite\",\"@id\":\"https:\/\/www.pagosdelrey.com\/#website\",\"url\":\"https:\/\/www.pagosdelrey.com\/\",\"name\":\"Pagos del Rey\",\"description\":\"\",\"potentialAction\":[{\"@type\":\"SearchAction\",\"target\":{\"@type\":\"EntryPoint\",\"urlTemplate\":\"https:\/\/www.pagosdelrey.com\/?s={search_term_string}\"},\"query-input\":\"required name=search_term_string\"}],\"inLanguage\":\"fr-FR\"}]}<\/script>\n<!-- \/ Yoast SEO plugin. -->","yoast_head_json":{"title":"Contact | Pagos del Rey","robots":{"index":"index","follow":"follow","max-snippet":"max-snippet:-1","max-image-preview":"max-image-preview:large","max-video-preview":"max-video-preview:-1"},"canonical":"https:\/\/www.pagosdelrey.com\/fr\/contact\/","og_locale":"fr_FR","og_type":"article","og_title":"Contact | Pagos del Rey","og_description":"\u00a0 Localisation et contact Pagos del Rey Autov\u00eda del Sur km 199, 13300 Valdepe\u00f1as (Ciudad Real) Email T\u00e9l\u00e9phone: +34 926 322 400","og_url":"https:\/\/www.pagosdelrey.com\/fr\/contact\/","og_site_name":"Pagos del Rey","article_modified_time":"2025-02-04T07:43:23+00:00","og_image":[{"width":2000,"height":1333,"url":"https:\/\/www.pagosdelrey.com\/app\/uploads\/2019\/10\/296_LA-PUEBLA.jpg","type":"image\/jpeg"}],"twitter_card":"summary_large_image","twitter_misc":{"Dur\u00e9e de lecture estim\u00e9e":"1 minute"},"schema":{"@context":"https:\/\/schema.org","@graph":[{"@type":"WebPage","@id":"https:\/\/www.pagosdelrey.com\/fr\/contact\/","url":"https:\/\/www.pagosdelrey.com\/fr\/contact\/","name":"Contact | Pagos del Rey","isPartOf":{"@id":"https:\/\/www.pagosdelrey.com\/#website"},"datePublished":"2016-05-03T07:04:15+00:00","dateModified":"2025-02-04T07:43:23+00:00","breadcrumb":{"@id":"https:\/\/www.pagosdelrey.com\/fr\/contact\/#breadcrumb"},"inLanguage":"fr-FR","potentialAction":[{"@type":"ReadAction","target":["https:\/\/www.pagosdelrey.com\/fr\/contact\/"]}]},{"@type":"BreadcrumbList","@id":"https:\/\/www.pagosdelrey.com\/fr\/contact\/#breadcrumb","itemListElement":[{"@type":"ListItem","position":1,"name":"Portada","item":"https:\/\/www.pagosdelrey.com\/fr\/"},{"@type":"ListItem","position":2,"name":"Contact"}]},{"@type":"WebSite","@id":"https:\/\/www.pagosdelrey.com\/#website","url":"https:\/\/www.pagosdelrey.com\/","name":"Pagos del Rey","description":"","potentialAction":[{"@type":"SearchAction","target":{"@type":"EntryPoint","urlTemplate":"https:\/\/www.pagosdelrey.com\/?s={search_term_string}"},"query-input":"required name=search_term_string"}],"inLanguage":"fr-FR"}]}},"_links":{"self":[{"href":"https:\/\/www.pagosdelrey.com\/fr\/wp-json\/wp\/v2\/pages\/8867"}],"collection":[{"href":"https:\/\/www.pagosdelrey.com\/fr\/wp-json\/wp\/v2\/pages"}],"about":[{"href":"https:\/\/www.pagosdelrey.com\/fr\/wp-json\/wp\/v2\/types\/page"}],"author":[{"embeddable":true,"href":"https:\/\/www.pagosdelrey.com\/fr\/wp-json\/wp\/v2\/users\/4"}],"replies":[{"embeddable":true,"href":"https:\/\/www.pagosdelrey.com\/fr\/wp-json\/wp\/v2\/comments?post=8867"}],"version-history":[{"count":9,"href":"https:\/\/www.pagosdelrey.com\/fr\/wp-json\/wp\/v2\/pages\/8867\/revisions"}],"predecessor-version":[{"id":71071,"href":"https:\/\/www.pagosdelrey.com\/fr\/wp-json\/wp\/v2\/pages\/8867\/revisions\/71071"}],"wp:featuredmedia":[{"embeddable":true,"href":"https:\/\/www.pagosdelrey.com\/fr\/wp-json\/wp\/v2\/media\/46263"}],"wp:attachment":[{"href":"https:\/\/www.pagosdelrey.com\/fr\/wp-json\/wp\/v2\/media?parent=8867"}],"curies":[{"name":"wp","href":"https:\/\/api.w.org\/{rel}","templated":true}]}}