{"id":8866,"date":"2016-03-05T16:57:01","date_gmt":"2016-03-05T16:57:01","guid":{"rendered":"http:\/\/www.pagosdelrey.com\/fr\/?page_id=8866"},"modified":"2024-11-20T12:32:10","modified_gmt":"2024-11-20T12:32:10","slug":"mentions-legales","status":"publish","type":"page","link":"https:\/\/www.pagosdelrey.com\/fr\/mentions-legales\/","title":{"rendered":"Mentions l\u00e9gales"},"content":{"rendered":"<p>www.pagosdelrey.com est un domaine internet appartenant \u00e0 F\u00e9lix Sol\u00eds avantis SA. T\u00e9l : + 34 926 322 400<br \/>\nLa conception, la structure de navigation et les informations contenues dans ce portail ont \u00e9t\u00e9 cr\u00e9\u00e9es par F\u00e9lix Sol\u00eds avantis SA.<\/p>\n<p>Toutes informations que vous transmettrez \u00e0 F\u00e9lix Sol\u00eds Avantis S.A. seront trait\u00e9es dans le respect de la loi organique espagnole 2016\/679 (L.O.P.D) concernant la protection des donn\u00e9es \u00e0 caract\u00e8re personnel.<\/p>\n<p>Tout le contenu de ce site Web, et notamment les marques, les appellations commerciales, les dessins industriels, les dessins, les textes, les photographies, les sch\u00e9mas, les logos, les ic\u00f4nes, les logiciels et tout autre signe susceptible d\u2019avoir une utilisation industrielle et commerciale, est prot\u00e9g\u00e9 par droit d\u2019auteur de F\u00e9lix Sol\u00eds Avantis S.A. ou par un tiers propri\u00e9taire de ces signes qui aurait autoris\u00e9 leur inclusion dans le site Web. Il est strictement interdit d\u2019utiliser et\/ou de reproduire ces signes de toute mani\u00e8re que ce soit, sans le consentement sp\u00e9cifique de F\u00e9lix Sol\u00eds Avantis \u00e0 travers un moyen y compris Internet (noms de domaine, r\u00e9seaux sociaux, blogs, etc.).<\/p>\n<p>F\u00e9lix Sol\u00eds Avantis S.A. ne sera tenu responsable d\u2019aucune violation de droit d\u2019auteur par un tiers r\u00e9sultant de l\u2019inclusion sur le site Web de marques, d\u2019appellations commerciales, de dessins industriels, de dessins, de textes, de photographies, de sch\u00e9mas, de logos, d\u2019ic\u00f4nes ou de logiciels appartenant \u00e0 des tiers pouvant avoir d\u00e9clar\u00e9 qu\u2019il \u00e9tait le propri\u00e9taire de ces signes en les incluant sur le site Web. Il n\u2019est pas non plus tenu responsable des opinions ou commentaires des utilisateurs sur les blogs ou r\u00e9seaux sociaux sans pr\u00e9judice des actions pouvant \u00eatre men\u00e9es pour \u00e9liminer ces opinions et commentaires lorsque ces derniers vont \u00e0 l\u2019encontre de la loi.<\/p>\n","protected":false},"excerpt":{"rendered":"<p>www.pagosdelrey.com est un domaine internet appartenant \u00e0 F\u00e9lix Sol\u00eds avantis SA. T\u00e9l : + 34 926 322 400 La conception, la structure de navigation et les informations contenues dans ce portail ont \u00e9t\u00e9 cr\u00e9\u00e9es par F\u00e9lix Sol\u00eds avantis SA. Toutes informations que vous transmettrez \u00e0 F\u00e9lix Sol\u00eds Avantis S.A. seront trait\u00e9es dans le respect de la loi organique espagnole 2016\/679 (L.O.P.D) concernant la protection des donn\u00e9es \u00e0 caract\u00e8re personnel. Tout le contenu de ce site Web, et notamment les marques, les appellations commerciales, les dessins industriels, les dessins, les textes, les photographies, les sch\u00e9mas, les logos, les ic\u00f4nes, les logiciels et tout autre signe susceptible d\u2019avoir une utilisation industrielle et [&hellip;]<\/p>\n","protected":false},"author":4,"featured_media":0,"parent":0,"menu_order":0,"comment_status":"open","ping_status":"open","template":"page-general.php","meta":{"footnotes":""},"acf":[],"yoast_head":"<!-- This site is optimized with the Yoast SEO plugin v21.5 - https:\/\/yoast.com\/wordpress\/plugins\/seo\/ -->\n<title>Mentions l\u00e9gales | Pagos del Rey<\/title>\n<meta name=\"robots\" content=\"index, follow, max-snippet:-1, max-image-preview:large, max-video-preview:-1\" \/>\n<link rel=\"canonical\" href=\"https:\/\/www.pagosdelrey.com\/fr\/mentions-legales\/\" \/>\n<meta property=\"og:locale\" content=\"fr_FR\" \/>\n<meta property=\"og:type\" content=\"article\" \/>\n<meta property=\"og:title\" content=\"Mentions l\u00e9gales | Pagos del Rey\" \/>\n<meta property=\"og:description\" content=\"www.pagosdelrey.com est un domaine internet appartenant \u00e0 F\u00e9lix Sol\u00eds avantis SA. T\u00e9l : + 34 926 322 400 La conception, la structure de navigation et les informations contenues dans ce portail ont \u00e9t\u00e9 cr\u00e9\u00e9es par F\u00e9lix Sol\u00eds avantis SA. Toutes informations que vous transmettrez \u00e0 F\u00e9lix Sol\u00eds Avantis S.A. seront trait\u00e9es dans le respect de la loi organique espagnole 2016\/679 (L.O.P.D) concernant la protection des donn\u00e9es \u00e0 caract\u00e8re personnel. Tout le contenu de ce site Web, et notamment les marques, les appellations commerciales, les dessins industriels, les dessins, les textes, les photographies, les sch\u00e9mas, les logos, les ic\u00f4nes, les logiciels et tout autre signe susceptible d\u2019avoir une utilisation industrielle et [&hellip;]\" \/>\n<meta property=\"og:url\" content=\"https:\/\/www.pagosdelrey.com\/fr\/mentions-legales\/\" \/>\n<meta property=\"og:site_name\" content=\"Pagos del Rey\" \/>\n<meta property=\"article:modified_time\" content=\"2024-11-20T12:32:10+00:00\" \/>\n<meta name=\"twitter:card\" content=\"summary_large_image\" \/>\n<meta name=\"twitter:label1\" content=\"Dur\u00e9e de lecture estim\u00e9e\" \/>\n\t<meta name=\"twitter:data1\" content=\"2 minutes\" \/>\n<script type=\"application\/ld+json\" class=\"yoast-schema-graph\">{\"@context\":\"https:\/\/schema.org\",\"@graph\":[{\"@type\":\"WebPage\",\"@id\":\"https:\/\/www.pagosdelrey.com\/fr\/mentions-legales\/\",\"url\":\"https:\/\/www.pagosdelrey.com\/fr\/mentions-legales\/\",\"name\":\"Mentions l\u00e9gales | Pagos del Rey\",\"isPartOf\":{\"@id\":\"https:\/\/www.pagosdelrey.com\/#website\"},\"datePublished\":\"2016-03-05T16:57:01+00:00\",\"dateModified\":\"2024-11-20T12:32:10+00:00\",\"breadcrumb\":{\"@id\":\"https:\/\/www.pagosdelrey.com\/fr\/mentions-legales\/#breadcrumb\"},\"inLanguage\":\"fr-FR\",\"potentialAction\":[{\"@type\":\"ReadAction\",\"target\":[\"https:\/\/www.pagosdelrey.com\/fr\/mentions-legales\/\"]}]},{\"@type\":\"BreadcrumbList\",\"@id\":\"https:\/\/www.pagosdelrey.com\/fr\/mentions-legales\/#breadcrumb\",\"itemListElement\":[{\"@type\":\"ListItem\",\"position\":1,\"name\":\"Portada\",\"item\":\"https:\/\/www.pagosdelrey.com\/fr\/\"},{\"@type\":\"ListItem\",\"position\":2,\"name\":\"Mentions l\u00e9gales\"}]},{\"@type\":\"WebSite\",\"@id\":\"https:\/\/www.pagosdelrey.com\/#website\",\"url\":\"https:\/\/www.pagosdelrey.com\/\",\"name\":\"Pagos del Rey\",\"description\":\"\",\"potentialAction\":[{\"@type\":\"SearchAction\",\"target\":{\"@type\":\"EntryPoint\",\"urlTemplate\":\"https:\/\/www.pagosdelrey.com\/?s={search_term_string}\"},\"query-input\":\"required name=search_term_string\"}],\"inLanguage\":\"fr-FR\"}]}<\/script>\n<!-- \/ Yoast SEO plugin. -->","yoast_head_json":{"title":"Mentions l\u00e9gales | Pagos del Rey","robots":{"index":"index","follow":"follow","max-snippet":"max-snippet:-1","max-image-preview":"max-image-preview:large","max-video-preview":"max-video-preview:-1"},"canonical":"https:\/\/www.pagosdelrey.com\/fr\/mentions-legales\/","og_locale":"fr_FR","og_type":"article","og_title":"Mentions l\u00e9gales | Pagos del Rey","og_description":"www.pagosdelrey.com est un domaine internet appartenant \u00e0 F\u00e9lix Sol\u00eds avantis SA. T\u00e9l : + 34 926 322 400 La conception, la structure de navigation et les informations contenues dans ce portail ont \u00e9t\u00e9 cr\u00e9\u00e9es par F\u00e9lix Sol\u00eds avantis SA. Toutes informations que vous transmettrez \u00e0 F\u00e9lix Sol\u00eds Avantis S.A. seront trait\u00e9es dans le respect de la loi organique espagnole 2016\/679 (L.O.P.D) concernant la protection des donn\u00e9es \u00e0 caract\u00e8re personnel. Tout le contenu de ce site Web, et notamment les marques, les appellations commerciales, les dessins industriels, les dessins, les textes, les photographies, les sch\u00e9mas, les logos, les ic\u00f4nes, les logiciels et tout autre signe susceptible d\u2019avoir une utilisation industrielle et [&hellip;]","og_url":"https:\/\/www.pagosdelrey.com\/fr\/mentions-legales\/","og_site_name":"Pagos del Rey","article_modified_time":"2024-11-20T12:32:10+00:00","twitter_card":"summary_large_image","twitter_misc":{"Dur\u00e9e de lecture estim\u00e9e":"2 minutes"},"schema":{"@context":"https:\/\/schema.org","@graph":[{"@type":"WebPage","@id":"https:\/\/www.pagosdelrey.com\/fr\/mentions-legales\/","url":"https:\/\/www.pagosdelrey.com\/fr\/mentions-legales\/","name":"Mentions l\u00e9gales | Pagos del Rey","isPartOf":{"@id":"https:\/\/www.pagosdelrey.com\/#website"},"datePublished":"2016-03-05T16:57:01+00:00","dateModified":"2024-11-20T12:32:10+00:00","breadcrumb":{"@id":"https:\/\/www.pagosdelrey.com\/fr\/mentions-legales\/#breadcrumb"},"inLanguage":"fr-FR","potentialAction":[{"@type":"ReadAction","target":["https:\/\/www.pagosdelrey.com\/fr\/mentions-legales\/"]}]},{"@type":"BreadcrumbList","@id":"https:\/\/www.pagosdelrey.com\/fr\/mentions-legales\/#breadcrumb","itemListElement":[{"@type":"ListItem","position":1,"name":"Portada","item":"https:\/\/www.pagosdelrey.com\/fr\/"},{"@type":"ListItem","position":2,"name":"Mentions l\u00e9gales"}]},{"@type":"WebSite","@id":"https:\/\/www.pagosdelrey.com\/#website","url":"https:\/\/www.pagosdelrey.com\/","name":"Pagos del Rey","description":"","potentialAction":[{"@type":"SearchAction","target":{"@type":"EntryPoint","urlTemplate":"https:\/\/www.pagosdelrey.com\/?s={search_term_string}"},"query-input":"required name=search_term_string"}],"inLanguage":"fr-FR"}]}},"_links":{"self":[{"href":"https:\/\/www.pagosdelrey.com\/fr\/wp-json\/wp\/v2\/pages\/8866"}],"collection":[{"href":"https:\/\/www.pagosdelrey.com\/fr\/wp-json\/wp\/v2\/pages"}],"about":[{"href":"https:\/\/www.pagosdelrey.com\/fr\/wp-json\/wp\/v2\/types\/page"}],"author":[{"embeddable":true,"href":"https:\/\/www.pagosdelrey.com\/fr\/wp-json\/wp\/v2\/users\/4"}],"replies":[{"embeddable":true,"href":"https:\/\/www.pagosdelrey.com\/fr\/wp-json\/wp\/v2\/comments?post=8866"}],"version-history":[{"count":3,"href":"https:\/\/www.pagosdelrey.com\/fr\/wp-json\/wp\/v2\/pages\/8866\/revisions"}],"predecessor-version":[{"id":71047,"href":"https:\/\/www.pagosdelrey.com\/fr\/wp-json\/wp\/v2\/pages\/8866\/revisions\/71047"}],"wp:attachment":[{"href":"https:\/\/www.pagosdelrey.com\/fr\/wp-json\/wp\/v2\/media?parent=8866"}],"curies":[{"name":"wp","href":"https:\/\/api.w.org\/{rel}","templated":true}]}}