{"id":36587,"date":"2016-03-23T13:50:59","date_gmt":"2016-03-23T13:50:59","guid":{"rendered":"http:\/\/www.pagosdelrey.com\/lentreprise\/"},"modified":"2019-10-20T17:36:34","modified_gmt":"2019-10-20T17:36:34","slug":"lentreprise","status":"publish","type":"page","link":"https:\/\/www.pagosdelrey.com\/fr\/lentreprise\/","title":{"rendered":"L&#8217;entreprise"},"content":{"rendered":"<p>Le projet de Pagos del Rey a d\u00e9but\u00e9 en<strong>\u00a02002 a<\/strong>vec l\u2019objectif de fabriquer des vins de qualit\u00e9 dans l\u2019une des r\u00e9gions viticoles les plus prestigieuses d\u2019Espagne, qui auraient leur propre personnalit\u00e9. L\u2019entreprise poss\u00e8de des domaines \u00e0\u00a0<strong>Ribera del Duero, Rioja, Rueda\u00a0<\/strong>et<strong>\u00a0Toro<\/strong>. Tous ont un design moderne qui combine la tradition et l\u2019innovation, et la derni\u00e8re technologie en mati\u00e8re de production de vin.<\/p>\n<h4>Pagos del Rey S.L. \u00e0 Ribera del Duero<\/h4>\n<p>Le domaine est situ\u00e9 \u00e0 Olmedillo de Roa (Burgos), au c\u0153ur de la D.O. Ribera del Duero.<\/p>\n<p>Il produit des vins rouges, des jeunes vins non pass\u00e9s en f\u00fbt de ch\u00eane aux reservas et gran reservas. Les marques qui ont rendu le domaine si connu sont\u00a0<strong>Altos de Tamaron<\/strong>\u00a0et\u00a0<strong>Condado de Oriza<\/strong>, ayant re\u00e7u plus de 100 m\u00e9dailles dans des comp\u00e9titions viticoles nationales et internationales.<\/p>\n<h4>Pagos del Rey S.L. \u00e0 Rueda<\/h4>\n<p>Le domaine Pagos del Rey a \u00e9t\u00e9 ouvert en 2005. Il s\u2019agit d\u2019une magnifique fa\u00e7ade en briques \u00e9quip\u00e9e de la technologie derni\u00e8re g\u00e9n\u00e9ration. C\u2019est le domaine o\u00f9 est n\u00e9e la marque\u00a0<strong>Blume<\/strong>. Blume, marque leader dans les vins de D.O. Rueda en off trade (consommation \u00e0 domicile) en Espagne.<\/p>\n<p>Verdejo est le c\u00e9page principal et le symbole de l\u2019identit\u00e9 de la r\u00e9gion.<\/p>\n<h4>Pagos del Rey S.L. \u00e0 Rioja<\/h4>\n<p>Le domaine est situ\u00e9 \u00e0 La Rioja Alta, pr\u00e8s du fleuve Ebro, dans la ville de Fuenmayor. Cette situation privil\u00e9gi\u00e9e permet d\u2019obtenir une s\u00e9lection exhaustive des meilleurs raisins des c\u00e9pages\u00a0<strong>tempranillo, graciano, grenache, mazuelo et viura<\/strong>.<\/p>\n<h4>Pagos del Rey S.L. \u00e0 Toro<\/h4>\n<p>Le domaine de Pagos del Rey \u00e0 Toro a ouvert en 2008, m\u00eame si le domaine original remonte \u00e0 quelques d\u00e9cennies. Il est situ\u00e9 \u00e0 Morales de Toro, Zamora.<\/p>\n<p>Annex\u00e9 au domaine, les visiteurs peuvent trouver le Mus\u00e9e du vin de\u00a0<a href=\"http:\/\/www.pagosdelreymuseodelvino.com\/\" target=\"_blank\" rel=\"noopener\">Pagos del Rey Wine Museum<\/a>, inaugur\u00e9 en f\u00e9vrier 2014, exposant plusieurs articles li\u00e9s \u00e0 la culture du raisin et \u00e0 la production de vin \u00e0 travers leur histoire.<\/p>\n<p>Le mus\u00e9e se trouve dans les installations de l\u2019ancienne cave. Le b\u00e2timent et les cuves d\u2019origine ont \u00e9t\u00e9 pr\u00e9serv\u00e9s et font partie du mus\u00e9e.<\/p>\n","protected":false},"excerpt":{"rendered":"<p>Le projet de Pagos del Rey a d\u00e9but\u00e9 en\u00a02002 avec l\u2019objectif de fabriquer des vins de qualit\u00e9 dans l\u2019une des r\u00e9gions viticoles les plus prestigieuses d\u2019Espagne, qui auraient leur propre personnalit\u00e9. L\u2019entreprise poss\u00e8de des domaines \u00e0\u00a0Ribera del Duero, Rioja, Rueda\u00a0et\u00a0Toro. Tous ont un design moderne qui combine la tradition et l\u2019innovation, et la derni\u00e8re technologie en mati\u00e8re de production de vin. Pagos del Rey S.L. \u00e0 Ribera del Duero Le domaine est situ\u00e9 \u00e0 Olmedillo de Roa (Burgos), au c\u0153ur de la D.O. Ribera del Duero. Il produit des vins rouges, des jeunes vins non pass\u00e9s en f\u00fbt de ch\u00eane aux reservas et gran reservas. Les marques qui ont rendu [&hellip;]<\/p>\n","protected":false},"author":4,"featured_media":35886,"parent":0,"menu_order":0,"comment_status":"open","ping_status":"closed","template":"page-general.php","meta":{"footnotes":""},"acf":[],"yoast_head":"<!-- This site is optimized with the Yoast SEO plugin v21.5 - https:\/\/yoast.com\/wordpress\/plugins\/seo\/ -->\n<title>L&#039;entreprise | Pagos del Rey<\/title>\n<meta name=\"description\" content=\"Le vin devrait pouvoir \u00eatre savour\u00e9 par tous... c&#039;est pourquoi nous faisons tout notre possible pour produire des vins de qualit\u00e9 en cultivant le raisin et en travaillant nos vins selon les m\u00eames valeurs avec lesquelles notre grand-p\u00e8re a commenc\u00e9 son m\u00e9tier. \u00bbLes Fr\u00e8res Sol\u00eds.\" \/>\n<meta name=\"robots\" content=\"index, follow, max-snippet:-1, max-image-preview:large, max-video-preview:-1\" \/>\n<link rel=\"canonical\" href=\"https:\/\/www.pagosdelrey.com\/fr\/lentreprise\/\" \/>\n<meta property=\"og:locale\" content=\"fr_FR\" \/>\n<meta property=\"og:type\" content=\"article\" \/>\n<meta property=\"og:title\" content=\"L&#039;entreprise | Pagos del Rey\" \/>\n<meta property=\"og:description\" content=\"Le vin devrait pouvoir \u00eatre savour\u00e9 par tous... c&#039;est pourquoi nous faisons tout notre possible pour produire des vins de qualit\u00e9 en cultivant le raisin et en travaillant nos vins selon les m\u00eames valeurs avec lesquelles notre grand-p\u00e8re a commenc\u00e9 son m\u00e9tier. \u00bbLes Fr\u00e8res Sol\u00eds.\" \/>\n<meta property=\"og:url\" content=\"https:\/\/www.pagosdelrey.com\/fr\/lentreprise\/\" \/>\n<meta property=\"og:site_name\" content=\"Pagos del Rey\" \/>\n<meta property=\"article:modified_time\" content=\"2019-10-20T17:36:34+00:00\" \/>\n<meta property=\"og:image\" content=\"https:\/\/www.pagosdelrey.com\/app\/uploads\/2019\/05\/duero_01.jpg\" \/>\n\t<meta property=\"og:image:width\" content=\"1999\" \/>\n\t<meta property=\"og:image:height\" content=\"1333\" \/>\n\t<meta property=\"og:image:type\" content=\"image\/jpeg\" \/>\n<meta name=\"twitter:card\" content=\"summary_large_image\" \/>\n<meta name=\"twitter:label1\" content=\"Dur\u00e9e de lecture estim\u00e9e\" \/>\n\t<meta name=\"twitter:data1\" content=\"2 minutes\" \/>\n<script type=\"application\/ld+json\" class=\"yoast-schema-graph\">{\"@context\":\"https:\/\/schema.org\",\"@graph\":[{\"@type\":\"WebPage\",\"@id\":\"https:\/\/www.pagosdelrey.com\/fr\/lentreprise\/\",\"url\":\"https:\/\/www.pagosdelrey.com\/fr\/lentreprise\/\",\"name\":\"L'entreprise | Pagos del Rey\",\"isPartOf\":{\"@id\":\"https:\/\/www.pagosdelrey.com\/#website\"},\"datePublished\":\"2016-03-23T13:50:59+00:00\",\"dateModified\":\"2019-10-20T17:36:34+00:00\",\"description\":\"Le vin devrait pouvoir \u00eatre savour\u00e9 par tous... c'est pourquoi nous faisons tout notre possible pour produire des vins de qualit\u00e9 en cultivant le raisin et en travaillant nos vins selon les m\u00eames valeurs avec lesquelles notre grand-p\u00e8re a commenc\u00e9 son m\u00e9tier. \u00bbLes Fr\u00e8res Sol\u00eds.\",\"breadcrumb\":{\"@id\":\"https:\/\/www.pagosdelrey.com\/fr\/lentreprise\/#breadcrumb\"},\"inLanguage\":\"fr-FR\",\"potentialAction\":[{\"@type\":\"ReadAction\",\"target\":[\"https:\/\/www.pagosdelrey.com\/fr\/lentreprise\/\"]}]},{\"@type\":\"BreadcrumbList\",\"@id\":\"https:\/\/www.pagosdelrey.com\/fr\/lentreprise\/#breadcrumb\",\"itemListElement\":[{\"@type\":\"ListItem\",\"position\":1,\"name\":\"Portada\",\"item\":\"https:\/\/www.pagosdelrey.com\/fr\/\"},{\"@type\":\"ListItem\",\"position\":2,\"name\":\"L&rsquo;entreprise\"}]},{\"@type\":\"WebSite\",\"@id\":\"https:\/\/www.pagosdelrey.com\/#website\",\"url\":\"https:\/\/www.pagosdelrey.com\/\",\"name\":\"Pagos del Rey\",\"description\":\"\",\"potentialAction\":[{\"@type\":\"SearchAction\",\"target\":{\"@type\":\"EntryPoint\",\"urlTemplate\":\"https:\/\/www.pagosdelrey.com\/?s={search_term_string}\"},\"query-input\":\"required name=search_term_string\"}],\"inLanguage\":\"fr-FR\"}]}<\/script>\n<!-- \/ Yoast SEO plugin. -->","yoast_head_json":{"title":"L'entreprise | Pagos del Rey","description":"Le vin devrait pouvoir \u00eatre savour\u00e9 par tous... c'est pourquoi nous faisons tout notre possible pour produire des vins de qualit\u00e9 en cultivant le raisin et en travaillant nos vins selon les m\u00eames valeurs avec lesquelles notre grand-p\u00e8re a commenc\u00e9 son m\u00e9tier. \u00bbLes Fr\u00e8res Sol\u00eds.","robots":{"index":"index","follow":"follow","max-snippet":"max-snippet:-1","max-image-preview":"max-image-preview:large","max-video-preview":"max-video-preview:-1"},"canonical":"https:\/\/www.pagosdelrey.com\/fr\/lentreprise\/","og_locale":"fr_FR","og_type":"article","og_title":"L'entreprise | Pagos del Rey","og_description":"Le vin devrait pouvoir \u00eatre savour\u00e9 par tous... c'est pourquoi nous faisons tout notre possible pour produire des vins de qualit\u00e9 en cultivant le raisin et en travaillant nos vins selon les m\u00eames valeurs avec lesquelles notre grand-p\u00e8re a commenc\u00e9 son m\u00e9tier. \u00bbLes Fr\u00e8res Sol\u00eds.","og_url":"https:\/\/www.pagosdelrey.com\/fr\/lentreprise\/","og_site_name":"Pagos del Rey","article_modified_time":"2019-10-20T17:36:34+00:00","og_image":[{"width":1999,"height":1333,"url":"https:\/\/www.pagosdelrey.com\/app\/uploads\/2019\/05\/duero_01.jpg","type":"image\/jpeg"}],"twitter_card":"summary_large_image","twitter_misc":{"Dur\u00e9e de lecture estim\u00e9e":"2 minutes"},"schema":{"@context":"https:\/\/schema.org","@graph":[{"@type":"WebPage","@id":"https:\/\/www.pagosdelrey.com\/fr\/lentreprise\/","url":"https:\/\/www.pagosdelrey.com\/fr\/lentreprise\/","name":"L'entreprise | Pagos del Rey","isPartOf":{"@id":"https:\/\/www.pagosdelrey.com\/#website"},"datePublished":"2016-03-23T13:50:59+00:00","dateModified":"2019-10-20T17:36:34+00:00","description":"Le vin devrait pouvoir \u00eatre savour\u00e9 par tous... c'est pourquoi nous faisons tout notre possible pour produire des vins de qualit\u00e9 en cultivant le raisin et en travaillant nos vins selon les m\u00eames valeurs avec lesquelles notre grand-p\u00e8re a commenc\u00e9 son m\u00e9tier. \u00bbLes Fr\u00e8res Sol\u00eds.","breadcrumb":{"@id":"https:\/\/www.pagosdelrey.com\/fr\/lentreprise\/#breadcrumb"},"inLanguage":"fr-FR","potentialAction":[{"@type":"ReadAction","target":["https:\/\/www.pagosdelrey.com\/fr\/lentreprise\/"]}]},{"@type":"BreadcrumbList","@id":"https:\/\/www.pagosdelrey.com\/fr\/lentreprise\/#breadcrumb","itemListElement":[{"@type":"ListItem","position":1,"name":"Portada","item":"https:\/\/www.pagosdelrey.com\/fr\/"},{"@type":"ListItem","position":2,"name":"L&rsquo;entreprise"}]},{"@type":"WebSite","@id":"https:\/\/www.pagosdelrey.com\/#website","url":"https:\/\/www.pagosdelrey.com\/","name":"Pagos del Rey","description":"","potentialAction":[{"@type":"SearchAction","target":{"@type":"EntryPoint","urlTemplate":"https:\/\/www.pagosdelrey.com\/?s={search_term_string}"},"query-input":"required name=search_term_string"}],"inLanguage":"fr-FR"}]}},"_links":{"self":[{"href":"https:\/\/www.pagosdelrey.com\/fr\/wp-json\/wp\/v2\/pages\/36587"}],"collection":[{"href":"https:\/\/www.pagosdelrey.com\/fr\/wp-json\/wp\/v2\/pages"}],"about":[{"href":"https:\/\/www.pagosdelrey.com\/fr\/wp-json\/wp\/v2\/types\/page"}],"author":[{"embeddable":true,"href":"https:\/\/www.pagosdelrey.com\/fr\/wp-json\/wp\/v2\/users\/4"}],"replies":[{"embeddable":true,"href":"https:\/\/www.pagosdelrey.com\/fr\/wp-json\/wp\/v2\/comments?post=36587"}],"version-history":[{"count":1,"href":"https:\/\/www.pagosdelrey.com\/fr\/wp-json\/wp\/v2\/pages\/36587\/revisions"}],"predecessor-version":[{"id":45253,"href":"https:\/\/www.pagosdelrey.com\/fr\/wp-json\/wp\/v2\/pages\/36587\/revisions\/45253"}],"wp:featuredmedia":[{"embeddable":true,"href":"https:\/\/www.pagosdelrey.com\/fr\/wp-json\/wp\/v2\/media\/35886"}],"wp:attachment":[{"href":"https:\/\/www.pagosdelrey.com\/fr\/wp-json\/wp\/v2\/media?parent=36587"}],"curies":[{"name":"wp","href":"https:\/\/api.w.org\/{rel}","templated":true}]}}