{"id":64270,"date":"2017-07-31T08:19:42","date_gmt":"2017-07-31T08:19:42","guid":{"rendered":"https:\/\/www.pagosdelrey.com\/datenschutz-bestimmungen-2\/"},"modified":"2022-09-05T08:46:49","modified_gmt":"2022-09-05T08:46:49","slug":"datenschutz-bestimmungen","status":"publish","type":"page","link":"https:\/\/www.pagosdelrey.com\/de\/datenschutz-bestimmungen\/","title":{"rendered":"Datenschutzregeln"},"content":{"rendered":"<p>Felix Solis Avantis S.A. ist der Verantwortliche f\u00fcr die Verarbeitung der personenbezogenen Daten des Betroffenen und informiert diesen dar\u00fcber, dass seine Daten in \u00dcbereinstimmung mit den geltenden Datenschutzregelungen, der Verordnung (EU) 2016\/679 des Europ\u00e4ischen Parlaments und des Rates vom 27. April 2016 zum Schutz nat\u00fcrlicher Personen bei der Verarbeitung personenbezogener Daten, zum freien Datenverkehr behandelt werden.<\/p>\n<p><strong>Grundinformationen \u00fcber den Schutz personenbezogener Daten<\/strong><\/p>\n<ul>\n<li>Erhalt der personenbezogenen Daten<\/li>\n<li>Verantwortlicher f\u00fcr die Verarbeitung Ihrer personenbezogenen Daten<\/li>\n<li>Zweck der Verarbeitung der personenbezogenen Daten<\/li>\n<li>Berechtigung der Verarbeitung der personenbezogenen Daten<\/li>\n<li>Empf\u00e4nger der personenbezogenen Daten<\/li>\n<li>Aufbewahrungsfrist der Daten<\/li>\n<li>Rechte des Betroffenen<\/li>\n<li>Sicherheitsma\u00dfnahmen<\/li>\n<li>\u00c4nderungen bei den Sicherheits- und Datenschutzregeln<\/li>\n<\/ul>\n<p><strong>Erhalt der personenbezogenen Daten<\/strong><\/p>\n<p>Alle bei Felix Solis Avantis S.A. behandelten personenbezogenen Daten werden von den Betroffenen selbst oder ihren gesetzlichen Vertretern angegeben<\/p>\n<p><strong>Verantwortlicher f\u00fcr die Verarbeitung Ihrer personenbezogenen Daten<\/strong><\/p>\n<ul>\n<li>Identit\u00e4t: Felix Solis Avantis S.A.<\/li>\n<li>Steuerkennzahl: A13008339<\/li>\n<li>Postanschrift: Autov\u00eda del Sur km 199 13300 Valdepe\u00f1as (Ciudad Real)<\/li>\n<li>Telefon: 926 322 400<\/li>\n<li>E-Mail: fsa@felixsolisavantis.com<\/li>\n<\/ul>\n<p><strong>Zweck der Verarbeitung der personenbezogenen Daten<\/strong><\/p>\n<ul>\n<li><strong>Personaldaten:<\/strong> f\u00fcr den Erhalt, die Entwicklung, Erf\u00fcllung und Kontrolle des Vertragsverh\u00e4ltnisses mit unseren Angestellten sowie die Erf\u00fcllung der geltenden Vorschriften im Bereich Arbeitsrecht, Sozialversicherung und Vorbeugung von Arbeitsrisiken, die anwendbar sind.<\/li>\n<li><strong>Daten von Bewerbern:<\/strong> f\u00fcr die Verwaltung der Teilnahme von Interessenten an Personalauswahlverfahren, die das Unternehmen durchf\u00fchrt.<\/li>\n<li><strong>Daten von Kunden und Lieferanten: <\/strong>f\u00fcr den angemessenen Erhalt, die Entwicklung, Erf\u00fcllung und Kontrolle der Handelsbeziehung.<\/li>\n<li><strong>Daten Kontaktformular:<\/strong> f\u00fcr die Verwaltung und Beantwortung von Anfragen, Beschwerden, Vorschl\u00e4gen und Antr\u00e4gen, die die Nutzer \u00fcber die Webseite vornehmen.<\/li>\n<li><strong>Daten Abonnement Newsletter:<\/strong> f\u00fcr die Verwaltung der Nutzer des Newsletters.<\/li>\n<li><strong>Daten Besuche\/Verzeichnisse:<\/strong> f\u00fcr die Verwaltung der Zugangskontrolle der Gesch\u00e4ftsr\u00e4ume (Besuche, Spediteure, Zustellungen&#8230;)<\/li>\n<\/ul>\n<p><strong>Berechtigung der Verarbeitung der personenbezogenen Daten<\/strong><\/p>\n<ul>\n<li><strong>Personaldaten:<\/strong> Die Grundlage f\u00fcr die Verarbeitung der personenbezogenen Daten des Lieferanten ist die Ausf\u00fchrung des Arbeitsvertrages zwischen dem Unternehmen und seinen Angestellten.<\/li>\n<li><strong>Daten von Bewerbern:<\/strong> Die gesetzliche oder rechtliche Grundlage f\u00fcr die Verarbeitung der personenbezogenen Daten des Interessenten ist das Einverst\u00e4ndnis, das dieser bei der \u00dcbergabe seines Lebenslaufes f\u00fcr die Teilnahme am von uns durchgef\u00fchrten Personalauswahlverfahren gegeben hat.<\/li>\n<li><strong>Kundendaten:<\/strong> Die gesetzliche oder rechtliche Grundlage f\u00fcr die Verarbeitung der personenbezogenen Daten der Kunden ist die Ausf\u00fchrung des Vertrags oder der Bestellungen, die sie vornehmen.<\/li>\n<li><strong>Lieferantendaten:<\/strong> Die gesetzliche oder rechtliche Grundlage f\u00fcr die Verarbeitung der personenbezogenen Daten der Lieferanten ist die Ausf\u00fchrung des Vertrags oder der Handelsbeziehung mit dem Unternehmen.<\/li>\n<li><strong>Daten Kontaktformular:<\/strong> Die gesetzliche oder rechtliche Grundlage f\u00fcr die Verarbeitung der personenbezogenen Daten ist das Einverst\u00e4ndnis, das beim Ausf\u00fcllen des hierf\u00fcr vorgesehenen Formulars gegeben wurde.<\/li>\n<li><strong>Daten Abonnement Newsletter:<\/strong> Die gesetzliche oder rechtliche Grundlage f\u00fcr die Verarbeitung der personenbezogenen Daten ist das Einverst\u00e4ndnis, das beim Ausf\u00fcllen des hierf\u00fcr vorgesehenen Formulars gegeben wurde.<\/li>\n<li><strong>Daten Besuche\/Verzeichnisse:<\/strong> Die gesetzliche oder rechtliche Grundlage f\u00fcr die Verarbeitung der personenbezogenen Daten ist das Einverst\u00e4ndnis, das gegeben wurde, nachdem \u00fcber den Zweck der Verarbeitung der Daten bei Datenerhebung informiert wurde.<\/li>\n<\/ul>\n<p><strong>Empf\u00e4nger der personenbezogenen Daten<\/strong><\/p>\n<p>Die personenbezogenen Daten der Angestellten, Bewerber, Kunden, Lieferanten sowie anderer Betroffener (Newsletter, Museumsbesucher usw.) k\u00f6nnen weitergegeben werden an:<\/p>\n<ul>\n<li>Andere Unternehmen der F\u00e9lix Sol\u00eds Avantis-Gruppe zum Zwecke der internen Verwaltung.<\/li>\n<li>Dritten f\u00fcr die Erbringung von Dienstleistungen im Zusammenhang mit dem Vertragsverh\u00e4ltnis.<\/li>\n<\/ul>\n<p><strong>Aufbewahrungsfrist der Daten<\/strong><\/p>\n<ul>\n<li><strong>Personaldaten:<\/strong> die personenbezogenen Daten des Personals werden w\u00e4hrend der Laufzeit des Arbeitsverh\u00e4ltnisses aufbewahrt und nach seiner Beendigung w\u00e4hrend der in den geltenden Rechtsvorschriften festgelegten Verj\u00e4hrungsfristen.<\/li>\n<li><strong>Daten von Bewerbern:<\/strong> die personenbezogenen Daten der Bewerber werden w\u00e4hrend des Auswahlverfahrens aufbewahrt. Nach Beendigung des Verfahrens und sollten Sie nicht ausgew\u00e4hlt worden sein, wird Ihre Akte f\u00fcr zuk\u00fcnftige Auswahlverfahren aufbewahrt.<\/li>\n<li><strong>Kunden- und Lieferantendaten:<\/strong> die personenbezogenen Daten werden w\u00e4hrend der Laufzeit des Vertragsverh\u00e4ltnisses aufbewahrt und nach seiner Beendigung w\u00e4hrend der in den geltenden Rechtsvorschriften festgelegten Verj\u00e4hrungsfristen. Der Nutzer wird dar\u00fcber informiert, dass Felix Solis Avantis S.A zu keiner Zeit Zugriff auf die Daten der angegebenen Karten hat und dass die \u00dcbertragung dieser Daten f\u00fcr den Zahldienst mit Karte oder die benutzte Plattform notwendig ist.<\/li>\n<li><strong>Daten Kontaktformular:<\/strong> die vom Nutzer beim Kontakt zu uns angegebenen Daten werden nur w\u00e4hrend der Bearbeitung des Antrags aufbewahrt, sodass nach der Bearbeitung diese gel\u00f6scht werden.<\/li>\n<li><strong>Daten Abonnement Newsletter:<\/strong> die personenbezogenen Daten der Betroffenen werden bis zur Abbestellung des Newsletter aufbewahrt.<\/li>\n<li><strong>Daten Besuche\/Verzeichnisse:<\/strong> die personenbezogenen Daten von Dritten werden w\u00e4hrend der Zeiten aufbewahrt, die f\u00fcr die Erf\u00fcllung der gesetzlichen Pflichten notwendig sind.<\/li>\n<\/ul>\n<p><strong>Rechte des Betroffenen<\/strong><\/p>\n<p>Der Betroffene kann jederzeit folgende in der DSGVO vorgesehenen Rechte in Bezug auf die Verarbeitung seiner personenbezogenen Daten aus\u00fcben:<\/p>\n<ul>\n<li>Recht auf Beantragung des Zugriffs auf seine personenbezogenen Daten.<\/li>\n<li>Recht auf Beantragung ihrer Berichtigung oder L\u00f6schung.<\/li>\n<li>Recht auf Beantragung der Beschr\u00e4nkung ihrer Verarbeitung.<\/li>\n<li>Recht auf Widerspruch gegen die Verarbeitung.<\/li>\n<li>Recht auf \u00dcbertragbarkeit der Daten.<\/li>\n<\/ul>\n<p>Diese Rechte k\u00f6nnen durch Mitteilung an Felix Solis Avantis S.A. unter der Adresse <a href=\"mailto:protecciondatos@felixsolisavantis.com\">protecciondatos@felixsolisavantis.com<\/a> ausge\u00fcbt werden.<\/p>\n<p><strong>Sicherheitsma\u00dfnahmen<\/strong><\/p>\n<p>Felix Solis Avantis S.A. hat geeignete technische und organisatorische Ma\u00dfnahmen ergriffen, um ein angemessenes Sicherheitsniveau zu gew\u00e4hrleisten, je nach Art der verarbeiteten personenbezogenen Daten und den Umst\u00e4nden der Verarbeitung, um, soweit m\u00f6glich und gem\u00e4\u00df dem Zustand der Technik, zu vermeiden, dass sie ver\u00e4ndert werden, verloren gehen oder eine nicht genehmigte Verarbeitung oder Zugriff erfolgt.<\/p>\n<p>Weiterhin garantiert Felix Solis Avantis S.A., dass Mechanismen f\u00fcr Folgendes aufgestellt wurden:<\/p>\n<ol>\n<li>Gew\u00e4hrleistung der st\u00e4ndigen Vertraulichkeit, Integrit\u00e4t, Verf\u00fcgbarkeit und Resilienz der Systeme und Verarbeitungsdienste.<\/li>\n<li>Bei physischem oder technischen Zwischen schnelle Widerherstellung der Verf\u00fcgbarkeit und dem Zugang zu den personenbezogenen Daten.<\/li>\n<li>Regelm\u00e4\u00dfige \u00dcberpr\u00fcfung der Wirksamkeit der eingef\u00fchrten technischen und organisatorischen Ma\u00dfnahmen, um die Sicherheit der Datenverarbeitung zu gew\u00e4hrleisten.<\/li>\n<\/ol>\n<p><strong>\u00c4nderungen bei den Sicherheits- und Datenschutzregeln<\/strong><\/p>\n<p>Felix Solis Avantis S.A. beh\u00e4lt sich das Recht vor, seine Sicherheits- und Datenschutzregeln zu \u00e4ndern, um sie an neue Entwicklungen in der Gesetzgebung oder der Rechtsprechung sowie an solche, die sich aus den bestehenden Standardkodizes zu diesem Thema ergeben, oder aufgrund strategischer Unternehmensentscheidungen anzupassen, und zwar mit Wirkung ab dem Datum der Ver\u00f6ffentlichung der genannten \u00c4nderung auf der Website von Felix Solis Avantis S.A.<\/p>\n","protected":false},"excerpt":{"rendered":"<p>Felix Solis Avantis S.A. ist der Verantwortliche f\u00fcr die Verarbeitung der personenbezogenen Daten des Betroffenen und informiert diesen dar\u00fcber, dass seine Daten in \u00dcbereinstimmung mit den geltenden Datenschutzregelungen, der Verordnung (EU) 2016\/679 des Europ\u00e4ischen Parlaments und des Rates vom 27. April 2016 zum Schutz nat\u00fcrlicher Personen bei der Verarbeitung personenbezogener Daten, zum freien Datenverkehr behandelt werden. Grundinformationen \u00fcber den Schutz personenbezogener Daten Erhalt der personenbezogenen Daten Verantwortlicher f\u00fcr die Verarbeitung Ihrer personenbezogenen Daten Zweck der Verarbeitung der personenbezogenen Daten Berechtigung der Verarbeitung der personenbezogenen Daten Empf\u00e4nger der personenbezogenen Daten Aufbewahrungsfrist der Daten Rechte des Betroffenen Sicherheitsma\u00dfnahmen \u00c4nderungen bei den Sicherheits- und Datenschutzregeln Erhalt der personenbezogenen Daten Alle bei Felix Solis [&hellip;]<\/p>\n","protected":false},"author":4,"featured_media":35894,"parent":0,"menu_order":0,"comment_status":"open","ping_status":"open","template":"page-general.php","meta":{"footnotes":""},"acf":[],"yoast_head":"<!-- This site is optimized with the Yoast SEO plugin v21.5 - https:\/\/yoast.com\/wordpress\/plugins\/seo\/ -->\n<title>Datenschutzregeln | Pagos del Rey<\/title>\n<meta name=\"robots\" content=\"index, follow, max-snippet:-1, max-image-preview:large, max-video-preview:-1\" \/>\n<link rel=\"canonical\" href=\"https:\/\/www.pagosdelrey.com\/de\/datenschutz-bestimmungen\/\" \/>\n<meta property=\"og:locale\" content=\"de_DE\" \/>\n<meta property=\"og:type\" content=\"article\" \/>\n<meta property=\"og:title\" content=\"Datenschutzregeln | Pagos del Rey\" \/>\n<meta property=\"og:description\" content=\"Felix Solis Avantis S.A. ist der Verantwortliche f\u00fcr die Verarbeitung der personenbezogenen Daten des Betroffenen und informiert diesen dar\u00fcber, dass seine Daten in \u00dcbereinstimmung mit den geltenden Datenschutzregelungen, der Verordnung (EU) 2016\/679 des Europ\u00e4ischen Parlaments und des Rates vom 27. April 2016 zum Schutz nat\u00fcrlicher Personen bei der Verarbeitung personenbezogener Daten, zum freien Datenverkehr behandelt werden. Grundinformationen \u00fcber den Schutz personenbezogener Daten Erhalt der personenbezogenen Daten Verantwortlicher f\u00fcr die Verarbeitung Ihrer personenbezogenen Daten Zweck der Verarbeitung der personenbezogenen Daten Berechtigung der Verarbeitung der personenbezogenen Daten Empf\u00e4nger der personenbezogenen Daten Aufbewahrungsfrist der Daten Rechte des Betroffenen Sicherheitsma\u00dfnahmen \u00c4nderungen bei den Sicherheits- und Datenschutzregeln Erhalt der personenbezogenen Daten Alle bei Felix Solis [&hellip;]\" \/>\n<meta property=\"og:url\" content=\"https:\/\/www.pagosdelrey.com\/de\/datenschutz-bestimmungen\/\" \/>\n<meta property=\"og:site_name\" content=\"Pagos del Rey\" \/>\n<meta property=\"article:modified_time\" content=\"2022-09-05T08:46:49+00:00\" \/>\n<meta property=\"og:image\" content=\"https:\/\/www.pagosdelrey.com\/app\/uploads\/2014\/09\/home_03.jpg\" \/>\n\t<meta property=\"og:image:width\" content=\"1920\" \/>\n\t<meta property=\"og:image:height\" content=\"1080\" \/>\n\t<meta property=\"og:image:type\" content=\"image\/jpeg\" \/>\n<meta name=\"twitter:card\" content=\"summary_large_image\" \/>\n<meta name=\"twitter:label1\" content=\"Gesch\u00e4tzte Lesezeit\" \/>\n\t<meta name=\"twitter:data1\" content=\"5 Minuten\" \/>\n<script type=\"application\/ld+json\" class=\"yoast-schema-graph\">{\"@context\":\"https:\/\/schema.org\",\"@graph\":[{\"@type\":\"WebPage\",\"@id\":\"https:\/\/www.pagosdelrey.com\/de\/datenschutz-bestimmungen\/\",\"url\":\"https:\/\/www.pagosdelrey.com\/de\/datenschutz-bestimmungen\/\",\"name\":\"Datenschutzregeln | Pagos del Rey\",\"isPartOf\":{\"@id\":\"https:\/\/www.pagosdelrey.com\/#website\"},\"datePublished\":\"2017-07-31T08:19:42+00:00\",\"dateModified\":\"2022-09-05T08:46:49+00:00\",\"breadcrumb\":{\"@id\":\"https:\/\/www.pagosdelrey.com\/de\/datenschutz-bestimmungen\/#breadcrumb\"},\"inLanguage\":\"de-DE\",\"potentialAction\":[{\"@type\":\"ReadAction\",\"target\":[\"https:\/\/www.pagosdelrey.com\/de\/datenschutz-bestimmungen\/\"]}]},{\"@type\":\"BreadcrumbList\",\"@id\":\"https:\/\/www.pagosdelrey.com\/de\/datenschutz-bestimmungen\/#breadcrumb\",\"itemListElement\":[{\"@type\":\"ListItem\",\"position\":1,\"name\":\"Portada\",\"item\":\"https:\/\/www.pagosdelrey.com\/de\/\"},{\"@type\":\"ListItem\",\"position\":2,\"name\":\"Datenschutzregeln\"}]},{\"@type\":\"WebSite\",\"@id\":\"https:\/\/www.pagosdelrey.com\/#website\",\"url\":\"https:\/\/www.pagosdelrey.com\/\",\"name\":\"Pagos del Rey\",\"description\":\"\",\"potentialAction\":[{\"@type\":\"SearchAction\",\"target\":{\"@type\":\"EntryPoint\",\"urlTemplate\":\"https:\/\/www.pagosdelrey.com\/?s={search_term_string}\"},\"query-input\":\"required name=search_term_string\"}],\"inLanguage\":\"de-DE\"}]}<\/script>\n<!-- \/ Yoast SEO plugin. -->","yoast_head_json":{"title":"Datenschutzregeln | Pagos del Rey","robots":{"index":"index","follow":"follow","max-snippet":"max-snippet:-1","max-image-preview":"max-image-preview:large","max-video-preview":"max-video-preview:-1"},"canonical":"https:\/\/www.pagosdelrey.com\/de\/datenschutz-bestimmungen\/","og_locale":"de_DE","og_type":"article","og_title":"Datenschutzregeln | Pagos del Rey","og_description":"Felix Solis Avantis S.A. ist der Verantwortliche f\u00fcr die Verarbeitung der personenbezogenen Daten des Betroffenen und informiert diesen dar\u00fcber, dass seine Daten in \u00dcbereinstimmung mit den geltenden Datenschutzregelungen, der Verordnung (EU) 2016\/679 des Europ\u00e4ischen Parlaments und des Rates vom 27. April 2016 zum Schutz nat\u00fcrlicher Personen bei der Verarbeitung personenbezogener Daten, zum freien Datenverkehr behandelt werden. Grundinformationen \u00fcber den Schutz personenbezogener Daten Erhalt der personenbezogenen Daten Verantwortlicher f\u00fcr die Verarbeitung Ihrer personenbezogenen Daten Zweck der Verarbeitung der personenbezogenen Daten Berechtigung der Verarbeitung der personenbezogenen Daten Empf\u00e4nger der personenbezogenen Daten Aufbewahrungsfrist der Daten Rechte des Betroffenen Sicherheitsma\u00dfnahmen \u00c4nderungen bei den Sicherheits- und Datenschutzregeln Erhalt der personenbezogenen Daten Alle bei Felix Solis [&hellip;]","og_url":"https:\/\/www.pagosdelrey.com\/de\/datenschutz-bestimmungen\/","og_site_name":"Pagos del Rey","article_modified_time":"2022-09-05T08:46:49+00:00","og_image":[{"width":1920,"height":1080,"url":"https:\/\/www.pagosdelrey.com\/app\/uploads\/2014\/09\/home_03.jpg","type":"image\/jpeg"}],"twitter_card":"summary_large_image","twitter_misc":{"Gesch\u00e4tzte Lesezeit":"5 Minuten"},"schema":{"@context":"https:\/\/schema.org","@graph":[{"@type":"WebPage","@id":"https:\/\/www.pagosdelrey.com\/de\/datenschutz-bestimmungen\/","url":"https:\/\/www.pagosdelrey.com\/de\/datenschutz-bestimmungen\/","name":"Datenschutzregeln | Pagos del Rey","isPartOf":{"@id":"https:\/\/www.pagosdelrey.com\/#website"},"datePublished":"2017-07-31T08:19:42+00:00","dateModified":"2022-09-05T08:46:49+00:00","breadcrumb":{"@id":"https:\/\/www.pagosdelrey.com\/de\/datenschutz-bestimmungen\/#breadcrumb"},"inLanguage":"de-DE","potentialAction":[{"@type":"ReadAction","target":["https:\/\/www.pagosdelrey.com\/de\/datenschutz-bestimmungen\/"]}]},{"@type":"BreadcrumbList","@id":"https:\/\/www.pagosdelrey.com\/de\/datenschutz-bestimmungen\/#breadcrumb","itemListElement":[{"@type":"ListItem","position":1,"name":"Portada","item":"https:\/\/www.pagosdelrey.com\/de\/"},{"@type":"ListItem","position":2,"name":"Datenschutzregeln"}]},{"@type":"WebSite","@id":"https:\/\/www.pagosdelrey.com\/#website","url":"https:\/\/www.pagosdelrey.com\/","name":"Pagos del Rey","description":"","potentialAction":[{"@type":"SearchAction","target":{"@type":"EntryPoint","urlTemplate":"https:\/\/www.pagosdelrey.com\/?s={search_term_string}"},"query-input":"required name=search_term_string"}],"inLanguage":"de-DE"}]}},"_links":{"self":[{"href":"https:\/\/www.pagosdelrey.com\/de\/wp-json\/wp\/v2\/pages\/64270"}],"collection":[{"href":"https:\/\/www.pagosdelrey.com\/de\/wp-json\/wp\/v2\/pages"}],"about":[{"href":"https:\/\/www.pagosdelrey.com\/de\/wp-json\/wp\/v2\/types\/page"}],"author":[{"embeddable":true,"href":"https:\/\/www.pagosdelrey.com\/de\/wp-json\/wp\/v2\/users\/4"}],"replies":[{"embeddable":true,"href":"https:\/\/www.pagosdelrey.com\/de\/wp-json\/wp\/v2\/comments?post=64270"}],"version-history":[{"count":0,"href":"https:\/\/www.pagosdelrey.com\/de\/wp-json\/wp\/v2\/pages\/64270\/revisions"}],"wp:featuredmedia":[{"embeddable":true,"href":"https:\/\/www.pagosdelrey.com\/de\/wp-json\/wp\/v2\/media\/35894"}],"wp:attachment":[{"href":"https:\/\/www.pagosdelrey.com\/de\/wp-json\/wp\/v2\/media?parent=64270"}],"curies":[{"name":"wp","href":"https:\/\/api.w.org\/{rel}","templated":true}]}}