{"id":36588,"date":"2017-07-31T16:07:49","date_gmt":"2017-07-31T16:07:49","guid":{"rendered":"http:\/\/www.pagosdelrey.com\/unternehmen-2\/"},"modified":"2019-10-20T17:37:42","modified_gmt":"2019-10-20T17:37:42","slug":"unternehmen","status":"publish","type":"page","link":"https:\/\/www.pagosdelrey.com\/de\/unternehmen\/","title":{"rendered":"Unternehmen"},"content":{"rendered":"<p>Das Projekt Pagos del Rey begann im Jahr 2002 mit dem Ziel, in den prestigetr\u00e4chtigsten Weinregionen Spaniens Qualit\u00e4tsweine mit eigener Pers\u00f6nlichkeit herzustellen. Das Unternehmen besitzt Weinkellereien in\u00a0<strong>Ribera del Duero, Rioja, Rueda und Toro<\/strong>. Sie alle haben ein modernes Design, welches Tradition und Innovation verbindet und sind mit<strong>\u00a0<\/strong><strong>modernster Technologie zur Weinherstellung\u00a0<\/strong>ausgestattet.<\/p>\n<h4>Pagos del Rey S.L in Ribera del Duero<\/h4>\n<p>Diese Weinkellerei befindet sich in Olmedillo de Roa (Burgos), im Herzen der Herkunftsbezeichnung (D.O.) Ribera del Duero.<\/p>\n<p>Hier werden Rotweine von jungen, nicht in Eichenf\u00e4ssern gelagerten Weinen bis hin zu Reservas und Gran Reservas hergestellt. Die Marken, die diese Weinkellerei zu Bekanntheit verholfen sind,\u00a0<strong>Altos de Tamaron<\/strong><strong>\u00a0<\/strong>und<strong>\u00a0<\/strong><strong>Condado de Oriza<\/strong>\u00a0mit mehr als\u00a0<strong>100 gewonnenen Medaillen in nationalen und internationalen Wettbewerben.<\/strong><\/p>\n<h4>Pagos del Rey S.L in Rueda<\/h4>\n<p>Die Weinkellerei Pagos del Rey wurde im Jahr 2005 er\u00f6ffnet. Die wundersch\u00f6ne Backsteinfassade beherbergt modernste Technologie. In dieser Weinkellerei entstand die Marke Blume.\u00a0<strong>Blume<\/strong>\u00a0ist im spanischen Einzelhandel die f\u00fchrende Marke f\u00fcr Weine mit Herkunftsbezeichnung (D.O.) Rueda.<\/p>\n<p><strong>Verdejo<\/strong>\u00a0ist die wichtigste Traubenart und ein Symbol f\u00fcr die Identit\u00e4t der Region.<\/p>\n<h4>Pagos del Rey S.L in Rioja<\/h4>\n<p>Die Weinkellerei befindet sich in La Rioja Alta, nahe dem Fluss Ebro, in der kleinen Stadt Fuenmayor. Diese privilegierte Lage erm\u00f6glicht die Auswahl der besten Trauben der Rebsorten<strong>\u00a0<\/strong><strong>Tempranillo, Graciano, Grenache, Mazuelo und Viura.<\/strong><\/p>\n<h4>Pagos del Rey S.L in Toro<\/h4>\n<p>Die Weinkellerei Pagos del Rey in Toro wurde im Jahr 2008 er\u00f6ffnet, obwohl die urspr\u00fcngliche Weinkellerei bereits einige Jahrzehnte zuvor entstand. Sie befindet sich in Morales de Toro, Zamora.<\/p>\n<p>Neben der Weinkellerei befindet sich das\u00a0<a href=\"http:\/\/www.pagosdelreymuseodelvino.com\/\" target=\"_blank\" rel=\"noopener\">Weinmuseum Pagos del Rey<\/a>, welches im Februar 2014 er\u00f6ffnet wurde und in dem Besucher verschiedene Gegenst\u00e4nde aus der Geschichte des Weinanbaus und der Weinherstellung anschauen k\u00f6nnen.<\/p>\n<p>Das Museum befindet sich in den Anlagen der\u00a0<strong>alten Weinkellerei<\/strong>. Das Geb\u00e4ude und die urspr\u00fcnglichen Tanks wurden erhalten und sind Bestandteil des Museums.<\/p>\n","protected":false},"excerpt":{"rendered":"<p>Das Projekt Pagos del Rey begann im Jahr 2002 mit dem Ziel, in den prestigetr\u00e4chtigsten Weinregionen Spaniens Qualit\u00e4tsweine mit eigener Pers\u00f6nlichkeit herzustellen. Das Unternehmen besitzt Weinkellereien in\u00a0Ribera del Duero, Rioja, Rueda und Toro. Sie alle haben ein modernes Design, welches Tradition und Innovation verbindet und sind mit\u00a0modernster Technologie zur Weinherstellung\u00a0ausgestattet. Pagos del Rey S.L in Ribera del Duero Diese Weinkellerei befindet sich in Olmedillo de Roa (Burgos), im Herzen der Herkunftsbezeichnung (D.O.) Ribera del Duero. Hier werden Rotweine von jungen, nicht in Eichenf\u00e4ssern gelagerten Weinen bis hin zu Reservas und Gran Reservas hergestellt. Die Marken, die diese Weinkellerei zu Bekanntheit verholfen sind,\u00a0Altos de Tamaron\u00a0und\u00a0Condado de Oriza\u00a0mit mehr als\u00a0100 gewonnenen Medaillen [&hellip;]<\/p>\n","protected":false},"author":4,"featured_media":35887,"parent":0,"menu_order":0,"comment_status":"open","ping_status":"closed","template":"page-general.php","meta":{"footnotes":""},"acf":[],"yoast_head":"<!-- This site is optimized with the Yoast SEO plugin v21.5 - https:\/\/yoast.com\/wordpress\/plugins\/seo\/ -->\n<title>Unternehmen | Pagos del Rey<\/title>\n<meta name=\"robots\" content=\"index, follow, max-snippet:-1, max-image-preview:large, max-video-preview:-1\" \/>\n<link rel=\"canonical\" href=\"https:\/\/www.pagosdelrey.com\/de\/unternehmen\/\" \/>\n<meta property=\"og:locale\" content=\"de_DE\" \/>\n<meta property=\"og:type\" content=\"article\" \/>\n<meta property=\"og:title\" content=\"Unternehmen | Pagos del Rey\" \/>\n<meta property=\"og:description\" content=\"Das Projekt Pagos del Rey begann im Jahr 2002 mit dem Ziel, in den prestigetr\u00e4chtigsten Weinregionen Spaniens Qualit\u00e4tsweine mit eigener Pers\u00f6nlichkeit herzustellen. Das Unternehmen besitzt Weinkellereien in\u00a0Ribera del Duero, Rioja, Rueda und Toro. Sie alle haben ein modernes Design, welches Tradition und Innovation verbindet und sind mit\u00a0modernster Technologie zur Weinherstellung\u00a0ausgestattet. Pagos del Rey S.L in Ribera del Duero Diese Weinkellerei befindet sich in Olmedillo de Roa (Burgos), im Herzen der Herkunftsbezeichnung (D.O.) Ribera del Duero. Hier werden Rotweine von jungen, nicht in Eichenf\u00e4ssern gelagerten Weinen bis hin zu Reservas und Gran Reservas hergestellt. Die Marken, die diese Weinkellerei zu Bekanntheit verholfen sind,\u00a0Altos de Tamaron\u00a0und\u00a0Condado de Oriza\u00a0mit mehr als\u00a0100 gewonnenen Medaillen [&hellip;]\" \/>\n<meta property=\"og:url\" content=\"https:\/\/www.pagosdelrey.com\/de\/unternehmen\/\" \/>\n<meta property=\"og:site_name\" content=\"Pagos del Rey\" \/>\n<meta property=\"article:modified_time\" content=\"2019-10-20T17:37:42+00:00\" \/>\n<meta property=\"og:image\" content=\"https:\/\/www.pagosdelrey.com\/app\/uploads\/2019\/05\/duero_01.jpg\" \/>\n\t<meta property=\"og:image:width\" content=\"1999\" \/>\n\t<meta property=\"og:image:height\" content=\"1333\" \/>\n\t<meta property=\"og:image:type\" content=\"image\/jpeg\" \/>\n<meta name=\"twitter:card\" content=\"summary_large_image\" \/>\n<meta name=\"twitter:label1\" content=\"Gesch\u00e4tzte Lesezeit\" \/>\n\t<meta name=\"twitter:data1\" content=\"2 Minuten\" \/>\n<script type=\"application\/ld+json\" class=\"yoast-schema-graph\">{\"@context\":\"https:\/\/schema.org\",\"@graph\":[{\"@type\":\"WebPage\",\"@id\":\"https:\/\/www.pagosdelrey.com\/de\/unternehmen\/\",\"url\":\"https:\/\/www.pagosdelrey.com\/de\/unternehmen\/\",\"name\":\"Unternehmen | Pagos del Rey\",\"isPartOf\":{\"@id\":\"https:\/\/www.pagosdelrey.com\/#website\"},\"datePublished\":\"2017-07-31T16:07:49+00:00\",\"dateModified\":\"2019-10-20T17:37:42+00:00\",\"breadcrumb\":{\"@id\":\"https:\/\/www.pagosdelrey.com\/de\/unternehmen\/#breadcrumb\"},\"inLanguage\":\"de-DE\",\"potentialAction\":[{\"@type\":\"ReadAction\",\"target\":[\"https:\/\/www.pagosdelrey.com\/de\/unternehmen\/\"]}]},{\"@type\":\"BreadcrumbList\",\"@id\":\"https:\/\/www.pagosdelrey.com\/de\/unternehmen\/#breadcrumb\",\"itemListElement\":[{\"@type\":\"ListItem\",\"position\":1,\"name\":\"Portada\",\"item\":\"https:\/\/www.pagosdelrey.com\/de\/\"},{\"@type\":\"ListItem\",\"position\":2,\"name\":\"Unternehmen\"}]},{\"@type\":\"WebSite\",\"@id\":\"https:\/\/www.pagosdelrey.com\/#website\",\"url\":\"https:\/\/www.pagosdelrey.com\/\",\"name\":\"Pagos del Rey\",\"description\":\"\",\"potentialAction\":[{\"@type\":\"SearchAction\",\"target\":{\"@type\":\"EntryPoint\",\"urlTemplate\":\"https:\/\/www.pagosdelrey.com\/?s={search_term_string}\"},\"query-input\":\"required name=search_term_string\"}],\"inLanguage\":\"de-DE\"}]}<\/script>\n<!-- \/ Yoast SEO plugin. -->","yoast_head_json":{"title":"Unternehmen | Pagos del Rey","robots":{"index":"index","follow":"follow","max-snippet":"max-snippet:-1","max-image-preview":"max-image-preview:large","max-video-preview":"max-video-preview:-1"},"canonical":"https:\/\/www.pagosdelrey.com\/de\/unternehmen\/","og_locale":"de_DE","og_type":"article","og_title":"Unternehmen | Pagos del Rey","og_description":"Das Projekt Pagos del Rey begann im Jahr 2002 mit dem Ziel, in den prestigetr\u00e4chtigsten Weinregionen Spaniens Qualit\u00e4tsweine mit eigener Pers\u00f6nlichkeit herzustellen. Das Unternehmen besitzt Weinkellereien in\u00a0Ribera del Duero, Rioja, Rueda und Toro. Sie alle haben ein modernes Design, welches Tradition und Innovation verbindet und sind mit\u00a0modernster Technologie zur Weinherstellung\u00a0ausgestattet. Pagos del Rey S.L in Ribera del Duero Diese Weinkellerei befindet sich in Olmedillo de Roa (Burgos), im Herzen der Herkunftsbezeichnung (D.O.) Ribera del Duero. Hier werden Rotweine von jungen, nicht in Eichenf\u00e4ssern gelagerten Weinen bis hin zu Reservas und Gran Reservas hergestellt. Die Marken, die diese Weinkellerei zu Bekanntheit verholfen sind,\u00a0Altos de Tamaron\u00a0und\u00a0Condado de Oriza\u00a0mit mehr als\u00a0100 gewonnenen Medaillen [&hellip;]","og_url":"https:\/\/www.pagosdelrey.com\/de\/unternehmen\/","og_site_name":"Pagos del Rey","article_modified_time":"2019-10-20T17:37:42+00:00","og_image":[{"width":1999,"height":1333,"url":"https:\/\/www.pagosdelrey.com\/app\/uploads\/2019\/05\/duero_01.jpg","type":"image\/jpeg"}],"twitter_card":"summary_large_image","twitter_misc":{"Gesch\u00e4tzte Lesezeit":"2 Minuten"},"schema":{"@context":"https:\/\/schema.org","@graph":[{"@type":"WebPage","@id":"https:\/\/www.pagosdelrey.com\/de\/unternehmen\/","url":"https:\/\/www.pagosdelrey.com\/de\/unternehmen\/","name":"Unternehmen | Pagos del Rey","isPartOf":{"@id":"https:\/\/www.pagosdelrey.com\/#website"},"datePublished":"2017-07-31T16:07:49+00:00","dateModified":"2019-10-20T17:37:42+00:00","breadcrumb":{"@id":"https:\/\/www.pagosdelrey.com\/de\/unternehmen\/#breadcrumb"},"inLanguage":"de-DE","potentialAction":[{"@type":"ReadAction","target":["https:\/\/www.pagosdelrey.com\/de\/unternehmen\/"]}]},{"@type":"BreadcrumbList","@id":"https:\/\/www.pagosdelrey.com\/de\/unternehmen\/#breadcrumb","itemListElement":[{"@type":"ListItem","position":1,"name":"Portada","item":"https:\/\/www.pagosdelrey.com\/de\/"},{"@type":"ListItem","position":2,"name":"Unternehmen"}]},{"@type":"WebSite","@id":"https:\/\/www.pagosdelrey.com\/#website","url":"https:\/\/www.pagosdelrey.com\/","name":"Pagos del Rey","description":"","potentialAction":[{"@type":"SearchAction","target":{"@type":"EntryPoint","urlTemplate":"https:\/\/www.pagosdelrey.com\/?s={search_term_string}"},"query-input":"required name=search_term_string"}],"inLanguage":"de-DE"}]}},"_links":{"self":[{"href":"https:\/\/www.pagosdelrey.com\/de\/wp-json\/wp\/v2\/pages\/36588"}],"collection":[{"href":"https:\/\/www.pagosdelrey.com\/de\/wp-json\/wp\/v2\/pages"}],"about":[{"href":"https:\/\/www.pagosdelrey.com\/de\/wp-json\/wp\/v2\/types\/page"}],"author":[{"embeddable":true,"href":"https:\/\/www.pagosdelrey.com\/de\/wp-json\/wp\/v2\/users\/4"}],"replies":[{"embeddable":true,"href":"https:\/\/www.pagosdelrey.com\/de\/wp-json\/wp\/v2\/comments?post=36588"}],"version-history":[{"count":1,"href":"https:\/\/www.pagosdelrey.com\/de\/wp-json\/wp\/v2\/pages\/36588\/revisions"}],"predecessor-version":[{"id":45254,"href":"https:\/\/www.pagosdelrey.com\/de\/wp-json\/wp\/v2\/pages\/36588\/revisions\/45254"}],"wp:featuredmedia":[{"embeddable":true,"href":"https:\/\/www.pagosdelrey.com\/de\/wp-json\/wp\/v2\/media\/35887"}],"wp:attachment":[{"href":"https:\/\/www.pagosdelrey.com\/de\/wp-json\/wp\/v2\/media?parent=36588"}],"curies":[{"name":"wp","href":"https:\/\/api.w.org\/{rel}","templated":true}]}}