{"id":36586,"date":"2017-06-27T16:20:56","date_gmt":"2017-06-27T16:20:56","guid":{"rendered":"http:\/\/www.pagosdelrey.com\/home-2\/"},"modified":"2024-11-19T14:53:54","modified_gmt":"2024-11-19T14:53:54","slug":"home","status":"publish","type":"page","link":"https:\/\/www.pagosdelrey.com\/de\/","title":{"rendered":"Home"},"content":{"rendered":"","protected":false},"excerpt":{"rendered":"","protected":false},"author":4,"featured_media":0,"parent":0,"menu_order":-1,"comment_status":"open","ping_status":"open","template":"page-home.php","meta":{"footnotes":""},"acf":[],"yoast_head":"<!-- This site is optimized with the Yoast SEO plugin v21.5 - https:\/\/yoast.com\/wordpress\/plugins\/seo\/ -->\n<title>Pagos del Rey<\/title>\n<meta name=\"description\" content=\"Das Projekt Pagos del Rey begann im Jahr 2002 mit dem Ziel, in den prestigetr\u00e4chtigsten Weinregionen Spaniens Qualit\u00e4tsweine mit eigener Pers\u00f6nlichkeit herzustellen. Das Unternehmen besitzt Weinkellereien in Ribera del Duero, Rioja, Rueda und Toro. Sie alle haben ein modernes Design, welches Tradition und Innovation verbindet und sind mit modernster Technologie zur Weinherstellung ausgestattet.\" \/>\n<meta name=\"robots\" content=\"index, follow, max-snippet:-1, max-image-preview:large, max-video-preview:-1\" \/>\n<link rel=\"canonical\" href=\"https:\/\/www.pagosdelrey.com\/de\/\" \/>\n<meta property=\"og:locale\" content=\"de_DE\" \/>\n<meta property=\"og:type\" content=\"article\" \/>\n<meta property=\"og:title\" content=\"Pagos del Rey\" \/>\n<meta property=\"og:description\" content=\"Das Projekt Pagos del Rey begann im Jahr 2002 mit dem Ziel, in den prestigetr\u00e4chtigsten Weinregionen Spaniens Qualit\u00e4tsweine mit eigener Pers\u00f6nlichkeit herzustellen. Das Unternehmen besitzt Weinkellereien in Ribera del Duero, Rioja, Rueda und Toro. Sie alle haben ein modernes Design, welches Tradition und Innovation verbindet und sind mit modernster Technologie zur Weinherstellung ausgestattet.\" \/>\n<meta property=\"og:url\" content=\"https:\/\/www.pagosdelrey.com\/de\/\" \/>\n<meta property=\"og:site_name\" content=\"Pagos del Rey\" \/>\n<meta property=\"article:modified_time\" content=\"2024-11-19T14:53:54+00:00\" \/>\n<meta name=\"twitter:card\" content=\"summary_large_image\" \/>\n<script type=\"application\/ld+json\" class=\"yoast-schema-graph\">{\"@context\":\"https:\/\/schema.org\",\"@graph\":[{\"@type\":\"WebPage\",\"@id\":\"https:\/\/www.pagosdelrey.com\/de\/\",\"url\":\"https:\/\/www.pagosdelrey.com\/de\/\",\"name\":\"Pagos del Rey\",\"isPartOf\":{\"@id\":\"https:\/\/www.pagosdelrey.com\/#website\"},\"datePublished\":\"2017-06-27T16:20:56+00:00\",\"dateModified\":\"2024-11-19T14:53:54+00:00\",\"description\":\"Das Projekt Pagos del Rey begann im Jahr 2002 mit dem Ziel, in den prestigetr\u00e4chtigsten Weinregionen Spaniens Qualit\u00e4tsweine mit eigener Pers\u00f6nlichkeit herzustellen. Das Unternehmen besitzt Weinkellereien in Ribera del Duero, Rioja, Rueda und Toro. Sie alle haben ein modernes Design, welches Tradition und Innovation verbindet und sind mit modernster Technologie zur Weinherstellung ausgestattet.\",\"breadcrumb\":{\"@id\":\"https:\/\/www.pagosdelrey.com\/de\/#breadcrumb\"},\"inLanguage\":\"de-DE\",\"potentialAction\":[{\"@type\":\"ReadAction\",\"target\":[\"https:\/\/www.pagosdelrey.com\/de\/\"]}]},{\"@type\":\"BreadcrumbList\",\"@id\":\"https:\/\/www.pagosdelrey.com\/de\/#breadcrumb\",\"itemListElement\":[{\"@type\":\"ListItem\",\"position\":1,\"name\":\"Portada\",\"item\":\"https:\/\/www.pagosdelrey.com\/de\/\"},{\"@type\":\"ListItem\",\"position\":2,\"name\":\"Home\"}]},{\"@type\":\"WebSite\",\"@id\":\"https:\/\/www.pagosdelrey.com\/#website\",\"url\":\"https:\/\/www.pagosdelrey.com\/\",\"name\":\"Pagos del Rey\",\"description\":\"\",\"potentialAction\":[{\"@type\":\"SearchAction\",\"target\":{\"@type\":\"EntryPoint\",\"urlTemplate\":\"https:\/\/www.pagosdelrey.com\/?s={search_term_string}\"},\"query-input\":\"required name=search_term_string\"}],\"inLanguage\":\"de-DE\"}]}<\/script>\n<!-- \/ Yoast SEO plugin. -->","yoast_head_json":{"title":"Pagos del Rey","description":"Das Projekt Pagos del Rey begann im Jahr 2002 mit dem Ziel, in den prestigetr\u00e4chtigsten Weinregionen Spaniens Qualit\u00e4tsweine mit eigener Pers\u00f6nlichkeit herzustellen. Das Unternehmen besitzt Weinkellereien in Ribera del Duero, Rioja, Rueda und Toro. Sie alle haben ein modernes Design, welches Tradition und Innovation verbindet und sind mit modernster Technologie zur Weinherstellung ausgestattet.","robots":{"index":"index","follow":"follow","max-snippet":"max-snippet:-1","max-image-preview":"max-image-preview:large","max-video-preview":"max-video-preview:-1"},"canonical":"https:\/\/www.pagosdelrey.com\/de\/","og_locale":"de_DE","og_type":"article","og_title":"Pagos del Rey","og_description":"Das Projekt Pagos del Rey begann im Jahr 2002 mit dem Ziel, in den prestigetr\u00e4chtigsten Weinregionen Spaniens Qualit\u00e4tsweine mit eigener Pers\u00f6nlichkeit herzustellen. Das Unternehmen besitzt Weinkellereien in Ribera del Duero, Rioja, Rueda und Toro. Sie alle haben ein modernes Design, welches Tradition und Innovation verbindet und sind mit modernster Technologie zur Weinherstellung ausgestattet.","og_url":"https:\/\/www.pagosdelrey.com\/de\/","og_site_name":"Pagos del Rey","article_modified_time":"2024-11-19T14:53:54+00:00","twitter_card":"summary_large_image","schema":{"@context":"https:\/\/schema.org","@graph":[{"@type":"WebPage","@id":"https:\/\/www.pagosdelrey.com\/de\/","url":"https:\/\/www.pagosdelrey.com\/de\/","name":"Pagos del Rey","isPartOf":{"@id":"https:\/\/www.pagosdelrey.com\/#website"},"datePublished":"2017-06-27T16:20:56+00:00","dateModified":"2024-11-19T14:53:54+00:00","description":"Das Projekt Pagos del Rey begann im Jahr 2002 mit dem Ziel, in den prestigetr\u00e4chtigsten Weinregionen Spaniens Qualit\u00e4tsweine mit eigener Pers\u00f6nlichkeit herzustellen. Das Unternehmen besitzt Weinkellereien in Ribera del Duero, Rioja, Rueda und Toro. Sie alle haben ein modernes Design, welches Tradition und Innovation verbindet und sind mit modernster Technologie zur Weinherstellung ausgestattet.","breadcrumb":{"@id":"https:\/\/www.pagosdelrey.com\/de\/#breadcrumb"},"inLanguage":"de-DE","potentialAction":[{"@type":"ReadAction","target":["https:\/\/www.pagosdelrey.com\/de\/"]}]},{"@type":"BreadcrumbList","@id":"https:\/\/www.pagosdelrey.com\/de\/#breadcrumb","itemListElement":[{"@type":"ListItem","position":1,"name":"Portada","item":"https:\/\/www.pagosdelrey.com\/de\/"},{"@type":"ListItem","position":2,"name":"Home"}]},{"@type":"WebSite","@id":"https:\/\/www.pagosdelrey.com\/#website","url":"https:\/\/www.pagosdelrey.com\/","name":"Pagos del Rey","description":"","potentialAction":[{"@type":"SearchAction","target":{"@type":"EntryPoint","urlTemplate":"https:\/\/www.pagosdelrey.com\/?s={search_term_string}"},"query-input":"required name=search_term_string"}],"inLanguage":"de-DE"}]}},"_links":{"self":[{"href":"https:\/\/www.pagosdelrey.com\/de\/wp-json\/wp\/v2\/pages\/36586"}],"collection":[{"href":"https:\/\/www.pagosdelrey.com\/de\/wp-json\/wp\/v2\/pages"}],"about":[{"href":"https:\/\/www.pagosdelrey.com\/de\/wp-json\/wp\/v2\/types\/page"}],"author":[{"embeddable":true,"href":"https:\/\/www.pagosdelrey.com\/de\/wp-json\/wp\/v2\/users\/4"}],"replies":[{"embeddable":true,"href":"https:\/\/www.pagosdelrey.com\/de\/wp-json\/wp\/v2\/comments?post=36586"}],"version-history":[{"count":5,"href":"https:\/\/www.pagosdelrey.com\/de\/wp-json\/wp\/v2\/pages\/36586\/revisions"}],"predecessor-version":[{"id":71033,"href":"https:\/\/www.pagosdelrey.com\/de\/wp-json\/wp\/v2\/pages\/36586\/revisions\/71033"}],"wp:attachment":[{"href":"https:\/\/www.pagosdelrey.com\/de\/wp-json\/wp\/v2\/media?parent=36586"}],"curies":[{"name":"wp","href":"https:\/\/api.w.org\/{rel}","templated":true}]}}